{"id":9106,"date":"2019-05-10T14:40:15","date_gmt":"2019-05-10T12:40:15","guid":{"rendered":"https:\/\/www.debraschilling.de\/bienvenido\/"},"modified":"2024-02-24T14:39:14","modified_gmt":"2024-02-24T13:39:14","slug":"bienvenido","status":"publish","type":"page","link":"https:\/\/www.debraschilling.de\/es\/","title":{"rendered":"Bienvenido"},"content":{"rendered":"<section class=\"l-section wpb_row us_custom_714b8cf0 height_custom color_primary\"><div class=\"l-section-h i-cf\"><div class=\"g-cols vc_row via_grid cols_1 laptops-cols_inherit tablets-cols_inherit mobiles-cols_1 valign_top type_default stacking_default\"><div class=\"wpb_column vc_column_container\"><div class=\"vc_column-inner\"><h1 class=\"w-itext us_custom_ded94414 has_text_color type_typingChars align_center\" style=\"--itext-dynamic-color:var(--color-content-primary);--itext-transition-duration:0.15s;--itext-timing-function:cubic-bezier(.86,0,.07,1);\" onclick='return {&quot;duration&quot;:150,&quot;delay&quot;:2000}'><span class=\"w-itext-part\"><span class=\"w-itext-state state-0 is-active\">Willkommen!<\/span><span class=\"w-itext-state state-1\">Bem-vindo!<\/span><span class=\"w-itext-state state-2\">Welcome!<\/span><span class=\"w-itext-state state-3\">\ufffdBienvenido!<\/span><\/span><i class=\"w-itext-cursor\"><\/i><\/h1><div class=\"w-separator us_custom_eb849559 size_custom\" style=\"height:12vh\"><\/div><div class=\"w-separator size_medium\"><\/div><\/div><\/div><\/div><\/div><\/section><section class=\"l-section wpb_row height_small\" id=\"first\"><div class=\"l-section-h i-cf\"><div class=\"g-cols vc_row via_grid cols_1 laptops-cols_inherit tablets-cols_inherit mobiles-cols_1 valign_middle type_default stacking_default\" style=\"--columns-gap:1.1rem;\"><div class=\"wpb_column vc_column_container\"><div class=\"vc_column-inner\"><div class=\"wpb_text_column\"><div class=\"wpb_wrapper\"><div class=\"page\" title=\"Page 1\">\n<div class=\"section\">\n<div class=\"layoutArea\">\n<div class=\"column\">\n<h6><\/h6>\n<h6 style=\"text-align: center;\">Como <span style=\"color: #f45d82;\">traductora e int\u00e9rprete<\/span>, me considero una apasionada de la palabra escrita y hablada.<br \/>\nSoy, por as\u00ed decirlo, su segunda voz. Me sumerjo en las palabras<br \/>\ny garantizo la transmisi\u00f3n significativa a otro idioma y cultura.<\/h6>\n<h6 style=\"text-align: center;\">Apasionada. Fiable. Profesional.<\/h6>\n<p>&nbsp;<\/p>\n<\/div>\n<h3 style=\"text-align: center;\">Lenguas de trabajo: portugu\u00e9s, espa\u00f1ol, ingl\u00e9s y alem\u00e1n<\/h3>\n<\/div>\n<\/div>\n<\/div>\n<\/div><\/div><\/div><\/div><\/div><\/div><\/section><section class=\"l-section wpb_row height_custom\" id=\"features\"><div class=\"l-section-h i-cf\"><div class=\"g-cols vc_row via_grid cols_4 laptops-cols_inherit tablets-cols_2 mobiles-cols_1 valign_top type_default stacking_default\" style=\"--columns-gap:0.3rem;\"><div class=\"wpb_column vc_column_container\"><div class=\"vc_column-inner\"><div class=\"w-iconbox iconpos_top style_default color_primary align_center\"><a href=\"https:\/\/www.debraschilling.de\/es\/servicios\/\" class=\"w-iconbox-link\" aria-label=\"Interpretaci\u00f3n\"><div class=\"w-iconbox-icon\" style=\"font-size:3.3rem;\"><i class=\"fal fa-comments\"><\/i><\/div><\/a><div class=\"w-iconbox-meta\"><h2 class=\"w-iconbox-title\" style=\"font-size:1.5rem;\"><a href=\"https:\/\/www.debraschilling.de\/es\/servicios\/\" class=\"w-iconbox-link\" aria-label=\"Interpretaci\u00f3n\">Interpretaci\u00f3n<\/a><\/h2><div class=\"w-iconbox-text\"><div class=\"page\" title=\"Page 1\">\n<div class=\"section\">\n<div class=\"layoutArea\">\n<div class=\"column\">simult\u00e1nea, bilateral, consecutiva<\/div>\n<div class=\"column\">a distancia o in situ<\/div>\n<\/div>\n<\/div>\n<\/div>\n<\/div><\/div><\/div><\/div><\/div><div class=\"wpb_column vc_column_container\"><div class=\"vc_column-inner\"><div class=\"w-iconbox iconpos_top style_default color_secondary align_center\"><a href=\"https:\/\/www.debraschilling.de\/es\/servicios\/\" class=\"w-iconbox-link\" aria-label=\"Traducci\u00f3n\"><div class=\"w-iconbox-icon\" style=\"font-size:3.3rem;\"><i class=\"fal fa-laptop\"><\/i><\/div><\/a><div class=\"w-iconbox-meta\"><h2 class=\"w-iconbox-title\" style=\"font-size:1.5rem;\"><a href=\"https:\/\/www.debraschilling.de\/es\/servicios\/\" class=\"w-iconbox-link\" aria-label=\"Traducci\u00f3n\">Traducci\u00f3n<\/a><\/h2><div class=\"w-iconbox-text\"><div class=\"page\" title=\"Page 1\">\n<div class=\"section\">\n<div class=\"layoutArea\">\n<p>Traducci\u00f3n de diferentes especialidades (tambi\u00e9n jurada)<\/p>\n<\/div>\n<\/div>\n<\/div>\n<\/div><\/div><\/div><\/div><\/div><div class=\"wpb_column vc_column_container\"><div class=\"vc_column-inner\"><div class=\"w-iconbox iconpos_top style_default color_primary align_center\"><a href=\"https:\/\/www.debraschilling.de\/es\/servicios\/\" class=\"w-iconbox-link\" aria-label=\"Revisi\u00f3n de textos y posedici\u00f3n\"><div class=\"w-iconbox-icon\" style=\"font-size:3.3rem;\"><i class=\"fal fa-pencil\"><\/i><\/div><\/a><div class=\"w-iconbox-meta\"><h2 class=\"w-iconbox-title\" style=\"font-size:1.5rem;\"><a href=\"https:\/\/www.debraschilling.de\/es\/servicios\/\" class=\"w-iconbox-link\" aria-label=\"Revisi\u00f3n de textos y posedici\u00f3n\">Revisi\u00f3n de textos y posedici\u00f3n<\/a><\/h2><div class=\"w-iconbox-text\"><div class=\"page\" title=\"Page 1\">\n<div class=\"section\">\n<div class=\"layoutArea\">\n<div class=\"column\">Correcci\u00f3n y revisi\u00f3n de sus textos y traducciones<\/div>\n<\/div>\n<\/div>\n<\/div>\n<p>Posedici\u00f3n de traducci\u00f3n autom\u00e1tica (MTPE)<\/p>\n<\/div><\/div><\/div><\/div><\/div><div class=\"wpb_column vc_column_container\"><div class=\"vc_column-inner\"><div class=\"w-iconbox iconpos_top style_default color_secondary align_center\"><a href=\"https:\/\/www.debraschilling.de\/es\/servicios\/\" class=\"w-iconbox-link\" aria-label=\"Localizaci\u00f3n\"><div class=\"w-iconbox-icon\" style=\"font-size:3.3rem;\"><i class=\"fal fa-globe\"><\/i><\/div><\/a><div class=\"w-iconbox-meta\"><h2 class=\"w-iconbox-title\" style=\"font-size:1.5rem;\"><a href=\"https:\/\/www.debraschilling.de\/es\/servicios\/\" class=\"w-iconbox-link\" aria-label=\"Localizaci\u00f3n\">Localizaci\u00f3n<\/a><\/h2><div class=\"w-iconbox-text\"><p>Adecuaci\u00f3n de sus textos a la lengua, la cultura y las preferencias del grupo destinatario<\/p>\n<\/div><\/div><\/div><\/div><\/div><\/div><\/div><\/section><section class=\"l-section wpb_row height_small\" id=\"features\"><div class=\"l-section-h i-cf\"><div class=\"g-cols vc_row via_grid cols_2 laptops-cols_inherit tablets-cols_2 mobiles-cols_1 valign_top type_default stacking_default\"><div class=\"wpb_column vc_column_container\"><div class=\"vc_column-inner\"><div class=\"w-image has_ratio align_center\"><div class=\"w-image-h\"><div style=\"padding-bottom:100%\"><\/div><img decoding=\"async\" width=\"1200\" height=\"798\" src=\"https:\/\/www.debraschilling.de\/wp-content\/uploads\/2024\/01\/Startseite-Debra_0233_web.jpg\" class=\"attachment-full size-full\" alt=\"\" loading=\"lazy\" \/><\/div><\/div><\/div><\/div><div class=\"wpb_column vc_column_container\"><div class=\"vc_column-inner\"><div class=\"wpb_text_column\"><div class=\"wpb_wrapper\"><div class=\"page\" title=\"Page 1\">\n<div class=\"section\">\n<div class=\"layoutArea\">\n<div class=\"column\">\n<div class=\"page\" title=\"Page 1\">\n<h3 class=\"section\">Traductora e int\u00e9rprete<br \/>\npor vocaci\u00f3n<\/h3>\n<p>&nbsp;<\/p>\n<\/div>\n<ul>\n<li>T\u00edtulo de la Universidad Humboldt de Berl\u00edn<\/li>\n<li>Biling\u00fce de alem\u00e1n y portugu\u00e9s<\/li>\n<li>M\u00e1s de 15 a\u00f1os de experiencia profesional<\/li>\n<li>\u00c1reas principales de trabajo: temas de la UE, pol\u00edtica, derecho, econom\u00eda, farmacia, tecnolog\u00eda m\u00e9dica, ling\u00fc\u00edstica y estudios de mercado<\/li>\n<li>Miembro de La Asociaci\u00f3n Federal de Int\u00e9rpretes y Traductores (BD\u00dc) y de la Asociaci\u00f3n Portuguesa de Int\u00e9rpretes y Traductores (APTRAD)<\/li>\n<li>Autorizaci\u00f3n para trabajar en tribunales y notar\u00edas en Berl\u00edn<\/li>\n<li>Examinadora estatal de traductores<\/li>\n<\/ul>\n<p>&nbsp;<\/p>\n<\/div>\n<\/div>\n<\/div>\n<\/div>\n<\/div><\/div><div class=\"w-separator size_small\"><\/div><div class=\"w-btn-wrapper align_left\"><a class=\"w-btn us-btn-style_1\" href=\"https:\/\/www.debraschilling.de\/es\/sobre-mi\/\"><span class=\"w-btn-label\">M\u00e1s sobre m\u00ed<\/span><\/a><\/div><\/div><\/div><\/div><\/div><\/section><section class=\"l-section wpb_row height_auto\" id=\"second\"><div class=\"l-section-h i-cf\"><div class=\"g-cols vc_row via_grid cols_1 laptops-cols_inherit tablets-cols_inherit mobiles-cols_1 valign_bottom type_default stacking_default\" style=\"--columns-gap:1.6rem;\"><div class=\"wpb_column vc_column_container\"><div class=\"vc_column-inner\"><div class=\"w-separator size_small with_line width_screen thick_1 style_solid color_border align_center\"><div class=\"w-separator-h\"><\/div><\/div><div class=\"g-cols wpb_row via_grid cols_4 laptops-cols_inherit tablets-cols_inherit mobiles-cols_1 valign_top type_default stacking_default\" style=\"--columns-gap:3rem;\"><div class=\"wpb_column vc_column_container\"><div class=\"vc_column-inner\"><div class=\"w-counter us_custom_dd1237b8 color_heading align_center animation_none has_font_size\" data-duration=\"2\" style=\"--w-counter-duration: 2s;\"><div class=\"w-counter-value\" aria-label=\"&gt;5467\"><span class=\"w-counter-value-part final\" aria-hidden=\"true\">&gt;5467<\/span><span class=\"w-counter-value-part hidden type_text\" aria-hidden=\"true\" data-final=\"&gt;\"><\/span><span class=\"w-counter-value-part hidden type_number\" aria-hidden=\"true\" data-final=\"5467\">0<\/span><span class=\"w-counter-value-part hidden type_text\" aria-hidden=\"true\" data-final>+<\/span><\/div><h3 class=\"w-counter-title\" style=\"font-size:16px;font-weight:400;\">caf\u00e9s con leche<\/h3><\/div><\/div><\/div><div class=\"wpb_column vc_column_container\"><div class=\"vc_column-inner\"><div class=\"w-counter us_custom_dd1237b8 color_primary align_center animation_none has_font_size\" data-duration=\"2\" style=\"--w-counter-duration: 2s;\"><div class=\"w-counter-value\" aria-label=\"&gt; 2 milliones\"><span class=\"w-counter-value-part final\" aria-hidden=\"true\">&gt; 2 milliones<\/span><span class=\"w-counter-value-part hidden type_text\" aria-hidden=\"true\" data-final=\"&gt; \"><\/span><span class=\"w-counter-value-part hidden type_number\" aria-hidden=\"true\" data-final=\"2\">0<\/span><span class=\"w-counter-value-part hidden type_text\" aria-hidden=\"true\" data-final=\" milliones\">%<\/span><\/div><h3 class=\"w-counter-title\" style=\"font-size:16px;font-weight:400;\">de palabras traducidas<\/h3><\/div><\/div><\/div><div class=\"wpb_column vc_column_container\"><div class=\"vc_column-inner\"><div class=\"w-counter us_custom_dd1237b8 color_heading align_center animation_none has_font_size\" data-duration=\"2\" style=\"--w-counter-duration: 2s;\"><div class=\"w-counter-value\" aria-label=\"&gt;1500\"><span class=\"w-counter-value-part final\" aria-hidden=\"true\">&gt;1500<\/span><span class=\"w-counter-value-part hidden type_text\" aria-hidden=\"true\" data-final=\"&gt;\"><\/span><span class=\"w-counter-value-part hidden type_number\" aria-hidden=\"true\" data-final=\"1500\">0<\/span><span class=\"w-counter-value-part hidden type_text\" aria-hidden=\"true\" data-final><\/span><\/div><h3 class=\"w-counter-title\" style=\"font-size:16px;font-weight:400;\">proyectos<\/h3><\/div><\/div><\/div><div class=\"wpb_column vc_column_container\"><div class=\"vc_column-inner\"><div class=\"w-counter us_custom_dd1237b8 color_primary align_center animation_none has_font_size\" data-duration=\"2\" style=\"--w-counter-duration: 2s;\"><div class=\"w-counter-value\" aria-label=\"100%\"><span class=\"w-counter-value-part final\" aria-hidden=\"true\">100%<\/span><span class=\"w-counter-value-part hidden type_text\" aria-hidden=\"true\" data-final><\/span><span class=\"w-counter-value-part hidden type_number\" aria-hidden=\"true\" data-final=\"100\">0<\/span><span class=\"w-counter-value-part hidden type_text\" aria-hidden=\"true\" data-final=\"%\">%<\/span><\/div><h3 class=\"w-counter-title\" style=\"font-size:16px;font-weight:400;\">diversi\u00f3n en el trabajo<\/h3><\/div><\/div><\/div><\/div><div class=\"w-separator size_small with_line width_screen thick_1 style_solid color_border align_center\"><div class=\"w-separator-h\"><\/div><\/div><\/div><\/div><\/div><\/div><\/section><section class=\"l-section wpb_row height_auto\" id=\"third\"><div class=\"l-section-h i-cf\"><div class=\"g-cols vc_row via_grid cols_1 laptops-cols_inherit tablets-cols_inherit mobiles-cols_1 valign_top type_default stacking_default\"><div class=\"wpb_column vc_column_container\"><div class=\"vc_column-inner\"><div class=\"wpb_text_column\"><div class=\"wpb_wrapper\"><h2 style=\"text-align: center;\">\u00a1Espero poder trabajar pronto con usted!<\/h2>\n<\/div><\/div><div class=\"w-separator size_small\"><\/div><\/div><\/div><\/div><\/div><\/section>\n","protected":false},"excerpt":{"rendered":"Willkommen!Bem-vindo!Welcome!\ufffdBienvenido! Como traductora e int\u00e9rprete, me considero una apasionada de la palabra escrita y hablada. Soy, por as\u00ed decirlo, su segunda voz. Me sumerjo en las palabras y garantizo la transmisi\u00f3n significativa a otro idioma y cultura. Apasionada. Fiable. Profesional. &nbsp; Lenguas de trabajo: portugu\u00e9s, espa\u00f1ol, ingl\u00e9s y alem\u00e1n Interpretaci\u00f3n simult\u00e1nea, bilateral, consecutiva a distancia...","protected":false},"author":1,"featured_media":0,"parent":0,"menu_order":0,"comment_status":"closed","ping_status":"closed","template":"","meta":{"footnotes":""},"class_list":["post-9106","page","type-page","status-publish","hentry"],"_links":{"self":[{"href":"https:\/\/www.debraschilling.de\/es\/wp-json\/wp\/v2\/pages\/9106","targetHints":{"allow":["GET"]}}],"collection":[{"href":"https:\/\/www.debraschilling.de\/es\/wp-json\/wp\/v2\/pages"}],"about":[{"href":"https:\/\/www.debraschilling.de\/es\/wp-json\/wp\/v2\/types\/page"}],"author":[{"embeddable":true,"href":"https:\/\/www.debraschilling.de\/es\/wp-json\/wp\/v2\/users\/1"}],"replies":[{"embeddable":true,"href":"https:\/\/www.debraschilling.de\/es\/wp-json\/wp\/v2\/comments?post=9106"}],"version-history":[{"count":25,"href":"https:\/\/www.debraschilling.de\/es\/wp-json\/wp\/v2\/pages\/9106\/revisions"}],"predecessor-version":[{"id":9308,"href":"https:\/\/www.debraschilling.de\/es\/wp-json\/wp\/v2\/pages\/9106\/revisions\/9308"}],"wp:attachment":[{"href":"https:\/\/www.debraschilling.de\/es\/wp-json\/wp\/v2\/media?parent=9106"}],"curies":[{"name":"wp","href":"https:\/\/api.w.org\/{rel}","templated":true}]}}