{"id":9173,"date":"2024-02-13T15:48:53","date_gmt":"2024-02-13T14:48:53","guid":{"rendered":"https:\/\/www.debraschilling.de\/aviso-legal\/"},"modified":"2024-02-19T14:02:47","modified_gmt":"2024-02-19T13:02:47","slug":"aviso-legal","status":"publish","type":"page","link":"https:\/\/www.debraschilling.de\/es\/aviso-legal\/","title":{"rendered":"Aviso Legal"},"content":{"rendered":"<section class=\"l-section wpb_row height_auto\"><div class=\"l-section-overlay\" style=\"background:var(--color-header-top-transparent-text)\"><\/div><div class=\"l-section-h i-cf\"><div class=\"g-cols vc_row via_grid cols_1 laptops-cols_inherit tablets-cols_inherit mobiles-cols_1 valign_top type_default stacking_default\" style=\"--columns-gap:1.1rem;\"><div class=\"wpb_column vc_column_container\"><div class=\"vc_column-inner\"><div class=\"w-separator size_large\"><\/div><div class=\"wpb_text_column\"><div class=\"wpb_wrapper\"><h1 style=\"text-align: center;\">Aviso Legal<\/h1>\n<\/div><\/div><\/div><\/div><\/div><\/div><\/section><section class=\"l-section wpb_row height_custom\" id=\"intro\"><div class=\"l-section-h i-cf\"><div class=\"g-cols vc_row via_grid cols_1 laptops-cols_inherit tablets-cols_inherit mobiles-cols_1 valign_top type_default stacking_default\"><div class=\"wpb_column vc_column_container\"><div class=\"vc_column-inner\"><div class=\"wpb_text_column\"><div class=\"wpb_wrapper\"><p style=\"font-weight: 400;\"><strong>Informaci\u00f3n de conformidad con la Secci\u00f3n 5 de la Ley Alemana de Telemedia (TMG):<\/strong><\/p>\n<p style=\"font-weight: 400;\">Debra Schilling<br \/>\nTraductora e int\u00e9rprete aut\u00f3noma<br \/>\nDunckerstra\u00dfe 16<br \/>\nD-10437 Berlin<\/p>\n<p style=\"font-weight: 400;\">Contacto<br \/>\nM\u00f3vil: +49 175 931 70 33<br \/>\nCorreo electr\u00f3nico: <a href=\"javascript:secureDecryptAndNavigate('kGeA6FjyToD4jd111FxCsMy\/ZwWPi+DJsLJKqJ+TAWiOYvKEgFuL52BEsj9BxtAc5DmWP3LN0CMxEu8g1QujoKPBtcUPYQFRUPehtcQj', '0efe497a55475c9861601974e8260087d46bc32dec84fa29d187ae8ac5efbdfc')\">hello[at]debraschilling[dot]de<\/a><\/p>\n<p style=\"font-weight: 400;\">N\u00famero de identificaci\u00f3n fiscal<br \/>\n31\/414\/03971<\/p>\n<p style=\"font-weight: 400;\">N\u00famero de identificaci\u00f3n sobre el IVA<br \/>\nDE280037629<\/p>\n<p style=\"font-weight: 400;\"><strong>Fuentes de im\u00e1genes y gr\u00e1ficos utilizados<\/strong><\/p>\n<p style=\"font-weight: 400;\">Algunas de las im\u00e1genes utilizadas en el sitio son de mi propiedad.<br \/>\nLos retratos son de:<\/p>\n<p style=\"font-weight: 400;\">Alexander Klebe<br \/>\n<a href=\"http:\/\/www.alexanderklebe.de\/\">www.alexanderklebe.de<\/a><\/p>\n<p style=\"font-weight: 400;\"><strong>Licencias profesionales<\/strong><\/p>\n<p style=\"font-weight: 400;\">Traductora de portugu\u00e9s y espa\u00f1ol con licencia del tribunal de distrito de Berl\u00edn para los tribunales y notar\u00edas de Berl\u00edn. La base legal es la Ley alemana de remuneraci\u00f3n e indemnizaci\u00f3n judicial (JVEG).<\/p>\n<p style=\"font-weight: 400;\"><strong>Seguro de indemnizaci\u00f3n<\/strong><\/p>\n<p style=\"font-weight: 400;\">Seguro de indemnizaci\u00f3n profesional:<br \/>\nGenerali<br \/>\nD-81731 M\u00fanich<\/p>\n<p style=\"font-weight: 400;\">Seguro de responsabilidad civil por da\u00f1os materiales:<br \/>\nR+V Allgemeine Versicherung AG<br \/>\nRaiffeisenplatz 1<br \/>\nD-65189 Wiesbaden<\/p>\n<p style=\"font-weight: 400;\"><strong>Aviso legal (Disclaimer)<\/strong><\/p>\n<p style=\"font-weight: 400;\"><strong>Responsabilidad de enlaces<\/strong><\/p>\n<p style=\"font-weight: 400;\">Mi sitio contiene enlaces a sitios web externos de terceros; no tengo influencia sobre el contenido de esos sitios. Por lo tanto, no puedo asumir ninguna responsabilidad por estos contenidos externos. El proveedor u operador respectivo de las p\u00e1ginas es siempre responsable de los contenidos de las p\u00e1ginas vinculadas. Las p\u00e1ginas vinculadas han sido revisadas por posibles infracciones legales en el momento de la vinculaci\u00f3n. No encontr\u00e9 ning\u00fan contenido ilegal sobre ellas cuando cre\u00e9 los enlaces. Sin embargo, no es razonable vigilar continuamente el contenido en esos sitios vinculados a menos que haya motivos espec\u00edficos para sospechar que han violado la ley. Eliminar\u00e9 dichos enlaces sin demora cuando tenga conocimiento de que han violado la ley.<\/p>\n<p style=\"font-weight: 400;\"><strong>Copyright<\/strong><\/p>\n<p style=\"font-weight: 400;\">El contenido y la obra que he creado en este sitio web est\u00e1n sujetos a la ley alemana de derechos de autor. No pueden ser reproducidos, editados, distribuidos o utilizados de ninguna manera m\u00e1s all\u00e1 de los l\u00edmites de la ley de derechos de autor sin el consentimiento por escrito de la persona que los escribi\u00f3 o cre\u00f3. Las descargas y copias de este sitio solo est\u00e1n permitidas para uso personal y no comercial. He observado los derechos de autor de terceros para todo el contenido de este sitio que no cre\u00e9. En particular, he identificado contenido de terceros como tal. Si, a pesar de estos esfuerzos, usted descubre una infracci\u00f3n de derechos de autor, av\u00edseme. Eliminar\u00e9 dicho contenido sin demora cuando tenga conocimiento de que se ha violado la ley.<\/p>\n<\/div><\/div><\/div><\/div><\/div><\/div><\/section>\n","protected":false},"excerpt":{"rendered":"Aviso Legal Informaci\u00f3n de conformidad con la Secci\u00f3n 5 de la Ley Alemana de Telemedia (TMG): Debra Schilling Traductora e int\u00e9rprete aut\u00f3noma Dunckerstra\u00dfe 16 D-10437 Berlin Contacto M\u00f3vil: +49 175 931 70 33 Correo electr\u00f3nico: hello[at]debraschilling[dot]de N\u00famero de identificaci\u00f3n fiscal 31\/414\/03971 N\u00famero de identificaci\u00f3n sobre el IVA DE280037629 Fuentes de im\u00e1genes y gr\u00e1ficos utilizados Algunas...","protected":false},"author":1,"featured_media":0,"parent":0,"menu_order":0,"comment_status":"closed","ping_status":"closed","template":"","meta":{"footnotes":""},"class_list":["post-9173","page","type-page","status-publish","hentry"],"_links":{"self":[{"href":"https:\/\/www.debraschilling.de\/es\/wp-json\/wp\/v2\/pages\/9173","targetHints":{"allow":["GET"]}}],"collection":[{"href":"https:\/\/www.debraschilling.de\/es\/wp-json\/wp\/v2\/pages"}],"about":[{"href":"https:\/\/www.debraschilling.de\/es\/wp-json\/wp\/v2\/types\/page"}],"author":[{"embeddable":true,"href":"https:\/\/www.debraschilling.de\/es\/wp-json\/wp\/v2\/users\/1"}],"replies":[{"embeddable":true,"href":"https:\/\/www.debraschilling.de\/es\/wp-json\/wp\/v2\/comments?post=9173"}],"version-history":[{"count":2,"href":"https:\/\/www.debraschilling.de\/es\/wp-json\/wp\/v2\/pages\/9173\/revisions"}],"predecessor-version":[{"id":9176,"href":"https:\/\/www.debraschilling.de\/es\/wp-json\/wp\/v2\/pages\/9173\/revisions\/9176"}],"wp:attachment":[{"href":"https:\/\/www.debraschilling.de\/es\/wp-json\/wp\/v2\/media?parent=9173"}],"curies":[{"name":"wp","href":"https:\/\/api.w.org\/{rel}","templated":true}]}}