{"id":9177,"date":"2024-02-13T15:59:49","date_gmt":"2024-02-13T14:59:49","guid":{"rendered":"https:\/\/www.debraschilling.de\/politica-de-privacidad\/"},"modified":"2024-02-19T14:08:23","modified_gmt":"2024-02-19T13:08:23","slug":"politica-de-privacidad","status":"publish","type":"page","link":"https:\/\/www.debraschilling.de\/es\/politica-de-privacidad\/","title":{"rendered":"Pol\u00edtica de privacidad"},"content":{"rendered":"<section class=\"l-section wpb_row height_auto\"><div class=\"l-section-overlay\" style=\"background:var(--color-header-top-transparent-text)\"><\/div><div class=\"l-section-h i-cf\"><div class=\"g-cols vc_row via_grid cols_1 laptops-cols_inherit tablets-cols_inherit mobiles-cols_1 valign_top type_default stacking_default\" style=\"--columns-gap:1.1rem;\"><div class=\"wpb_column vc_column_container\"><div class=\"vc_column-inner\"><div class=\"w-separator size_large\"><\/div><div class=\"wpb_text_column\"><div class=\"wpb_wrapper\"><h1 style=\"text-align: center;\">Pol\u00edtica de privacidad<\/h1>\n<\/div><\/div><\/div><\/div><\/div><\/div><\/section><section class=\"l-section wpb_row height_custom\" id=\"intro\"><div class=\"l-section-h i-cf\"><div class=\"g-cols vc_row via_grid cols_1 laptops-cols_inherit tablets-cols_inherit mobiles-cols_1 valign_top type_default stacking_default\"><div class=\"wpb_column vc_column_container\"><div class=\"vc_column-inner\"><div class=\"wpb_text_column\"><div class=\"wpb_wrapper\"><p style=\"font-weight: 400;\">Como operadora de esta p\u00e1gina web, me tomo muy en serio su privacidad y observo la legislaci\u00f3n de protecci\u00f3n de datos. En la siguiente secci\u00f3n, explico en detalle qu\u00e9 informaci\u00f3n se recopila cuando visita mi sitio web y c\u00f3mo yo u otras compa\u00f1\u00edas posteriormente procesamos o usamos esa informaci\u00f3n.<\/p>\n<p style=\"font-weight: 400;\"><strong>Privacidad<\/strong><\/p>\n<p style=\"font-weight: 400;\">Privacidad Puede usar mi sitio web sin proporcionar ninguna informaci\u00f3n personal. Sin embargo, tenga en cuenta que toda la transmisi\u00f3n de datos en Internet (como la comunicaci\u00f3n por correo electr\u00f3nico) est\u00e1 sujeta a lagunas de seguridad. No hay forma de garantizar que los datos est\u00e9n completamente protegidos del acceso de terceros.<\/p>\n<p style=\"font-weight: 400;\"><strong>Pol\u00edtica de privacidad para el uso de Google Analytics<\/strong><\/p>\n<p style=\"font-weight: 400;\">Este sitio web utiliza funciones del servicio de an\u00e1lisis web de Google Analytics. El proveedor es Google Inc., 1600 Amphitheatre Parkway, Mountain View, CA 94043, EE. UU. Google Analytics utiliza cookies. Estos son archivos de texto que se guardan en su ordenador para permitir el an\u00e1lisis de su uso de un sitio web. La informaci\u00f3n que genera la cookie sobre su uso de este sitio web generalmente se transmite a un servidor de Google en los Estados Unidos, donde se almacena.<\/p>\n<p style=\"font-weight: 400;\">Sin embargo, si se activa la eliminaci\u00f3n de elementos identificatorios de la IP en este sitio web, Google acortar\u00e1 primero su direcci\u00f3n IP dentro de los Estados miembros de la Uni\u00f3n Europea u otros Estados contratantes del Acuerdo al Espacio Econ\u00f3mico Europeo. Solo en casos excepcionales, su direcci\u00f3n IP completa se transmitir\u00e1 a un servidor de Google en EE. UU., y se acortar\u00e1 all\u00ed. Google utilizar\u00e1 esta informaci\u00f3n con el fin de evaluar su uso del sitio web, compilar informes sobre la actividad del sitio web y proporcionar otros servicios relacionados con el uso del sitio web y de Internet para los operadores del sitio web. Google no asociar\u00e1 la direcci\u00f3n IP transmitida por su navegador para fines de Google Analytics con ning\u00fan otro dato en poder de Google.<\/p>\n<p style=\"font-weight: 400;\">Puede configurar su navegador para que no guarde las cookies; sin embargo, tenga en cuenta que hacerlo puede evitar que use algunas de las funciones de este sitio web. Adem\u00e1s, puede evitar que los datos generados por la cookie relacionados con su uso del sitio web (incluida su direcci\u00f3n IP) se env\u00eden a Google y sean procesados por \u00e9ste \u00faltimo al descargar e instalar el complemento del navegador disponible en el siguiente enlace: <a href=\"http:\/\/tools.google.com\/dlpage\/gaoptout?hl=de\">http:\/\/tools.google.com\/dlpage\/gaoptout?hl=de<\/a><\/p>\n<p style=\"font-weight: 400;\"><strong>Servicios y contenido de terceros<\/strong><\/p>\n<p style=\"font-weight: 400;\">Existe la posibilidad de que incruste contenido de terceros en mi sitio web, como v\u00eddeos de You Tube, material de Google Maps, fuentes RSS o im\u00e1genes de otros sitios web. Los proveedores de dicho contenido incrustado (\u00abproveedores externos\u00bb) siempre pueden discernir su direcci\u00f3n IP. Despu\u00e9s de todo, sin su direcci\u00f3n IP, no podr\u00edan enviar ning\u00fan contenido a su navegador. Esto significa que su direcci\u00f3n IP es necesaria para que pueda ver ese contenido. Me esfuerzo por utilizar solo el contenido de los proveedores que solo usan su direcci\u00f3n IP para el env\u00edo de contenido. Sin embargo, no tengo influencia sobre si los proveedores externos deciden guardar su direcci\u00f3n IP para fines estad\u00edsticos. Si tengo conocimiento de dicha actividad, le informar\u00e9.<\/p>\n<\/div><\/div><\/div><\/div><\/div><\/div><\/section>\n","protected":false},"excerpt":{"rendered":"Pol\u00edtica de privacidad Como operadora de esta p\u00e1gina web, me tomo muy en serio su privacidad y observo la legislaci\u00f3n de protecci\u00f3n de datos. En la siguiente secci\u00f3n, explico en detalle qu\u00e9 informaci\u00f3n se recopila cuando visita mi sitio web y c\u00f3mo yo u otras compa\u00f1\u00edas posteriormente procesamos o usamos esa informaci\u00f3n. Privacidad Privacidad Puede...","protected":false},"author":1,"featured_media":0,"parent":0,"menu_order":0,"comment_status":"closed","ping_status":"closed","template":"","meta":{"footnotes":""},"class_list":["post-9177","page","type-page","status-publish","hentry"],"_links":{"self":[{"href":"https:\/\/www.debraschilling.de\/es\/wp-json\/wp\/v2\/pages\/9177","targetHints":{"allow":["GET"]}}],"collection":[{"href":"https:\/\/www.debraschilling.de\/es\/wp-json\/wp\/v2\/pages"}],"about":[{"href":"https:\/\/www.debraschilling.de\/es\/wp-json\/wp\/v2\/types\/page"}],"author":[{"embeddable":true,"href":"https:\/\/www.debraschilling.de\/es\/wp-json\/wp\/v2\/users\/1"}],"replies":[{"embeddable":true,"href":"https:\/\/www.debraschilling.de\/es\/wp-json\/wp\/v2\/comments?post=9177"}],"version-history":[{"count":5,"href":"https:\/\/www.debraschilling.de\/es\/wp-json\/wp\/v2\/pages\/9177\/revisions"}],"predecessor-version":[{"id":9183,"href":"https:\/\/www.debraschilling.de\/es\/wp-json\/wp\/v2\/pages\/9177\/revisions\/9183"}],"wp:attachment":[{"href":"https:\/\/www.debraschilling.de\/es\/wp-json\/wp\/v2\/media?parent=9177"}],"curies":[{"name":"wp","href":"https:\/\/api.w.org\/{rel}","templated":true}]}}