{"id":9009,"date":"2019-05-10T14:40:15","date_gmt":"2019-05-10T12:40:15","guid":{"rendered":"https:\/\/www.debraschilling.de\/bem-vindo\/"},"modified":"2024-02-24T14:40:18","modified_gmt":"2024-02-24T13:40:18","slug":"bem-vindo","status":"publish","type":"page","link":"https:\/\/www.debraschilling.de\/pt-pt\/","title":{"rendered":"Bem-vindo"},"content":{"rendered":"<section class=\"l-section wpb_row us_custom_714b8cf0 height_custom color_primary\"><div class=\"l-section-h i-cf\"><div class=\"g-cols vc_row via_grid cols_1 laptops-cols_inherit tablets-cols_inherit mobiles-cols_1 valign_top type_default stacking_default\"><div class=\"wpb_column vc_column_container\"><div class=\"vc_column-inner\"><h1 class=\"w-itext us_custom_ded94414 has_text_color type_typingChars align_center\" style=\"--itext-dynamic-color:var(--color-content-primary);--itext-transition-duration:0.15s;--itext-timing-function:cubic-bezier(.86,0,.07,1);\" onclick='return {&quot;duration&quot;:150,&quot;delay&quot;:2000}'><span class=\"w-itext-part\"><span class=\"w-itext-state state-0 is-active\">Willkommen!<\/span><span class=\"w-itext-state state-1\">Bem-vindo!<\/span><span class=\"w-itext-state state-2\">Welcome!<\/span><span class=\"w-itext-state state-3\">\ufffdBienvenido!<\/span><\/span><i class=\"w-itext-cursor\"><\/i><\/h1><div class=\"w-separator us_custom_eb849559 size_custom\" style=\"height:12vh\"><\/div><div class=\"w-separator size_medium\"><\/div><\/div><\/div><\/div><\/div><\/section><section class=\"l-section wpb_row height_small\" id=\"first\"><div class=\"l-section-h i-cf\"><div class=\"g-cols vc_row via_grid cols_1 laptops-cols_inherit tablets-cols_inherit mobiles-cols_1 valign_middle type_default stacking_default\" style=\"--columns-gap:1.1rem;\"><div class=\"wpb_column vc_column_container\"><div class=\"vc_column-inner\"><div class=\"wpb_text_column\"><div class=\"wpb_wrapper\"><div class=\"page\" title=\"Page 1\">\n<div class=\"section\">\n<div class=\"layoutArea\">\n<div class=\"column\">\n<h6><\/h6>\n<h6 style=\"text-align: center;\">Enquanto <span style=\"color: #f45d82;\">tradutora e int\u00e9rprete<\/span>, as suas palavras escritas e faladas s\u00e3o muito importantes para mim.<br \/>\n\u00c9 como se eu fosse a sua segunda voz, como se mergulhasse nas suas palavras<br \/>\ne as transpusesse para outra l\u00edngua e cultura, sem lhes alterar o sentido.<\/h6>\n<h6 style=\"text-align: center;\">Por paix\u00e3o. De modo fi\u00e1vel e profissional.<\/h6>\n<p>&nbsp;<\/p>\n<\/div>\n<h3 style=\"text-align: center;\">L\u00ednguas de trabalho: Portugu\u00eas, Espanhol, Ingl\u00eas e Alem\u00e3o<\/h3>\n<\/div>\n<\/div>\n<\/div>\n<\/div><\/div><\/div><\/div><\/div><\/div><\/section><section class=\"l-section wpb_row height_custom\" id=\"features\"><div class=\"l-section-h i-cf\"><div class=\"g-cols vc_row via_grid cols_4 laptops-cols_inherit tablets-cols_2 mobiles-cols_1 valign_top type_default stacking_default\" style=\"--columns-gap:0.3rem;\"><div class=\"wpb_column vc_column_container\"><div class=\"vc_column-inner\"><div class=\"w-iconbox iconpos_top style_default color_primary align_center\"><a href=\"https:\/\/www.debraschilling.de\/pt-pt\/servicos\/\" class=\"w-iconbox-link\" aria-label=\"Interpreta\u00e7\u00e3o\"><div class=\"w-iconbox-icon\" style=\"font-size:3.3rem;\"><i class=\"fal fa-comments\"><\/i><\/div><\/a><div class=\"w-iconbox-meta\"><h2 class=\"w-iconbox-title\" style=\"font-size:1.5rem;\"><a href=\"https:\/\/www.debraschilling.de\/pt-pt\/servicos\/\" class=\"w-iconbox-link\" aria-label=\"Interpreta\u00e7\u00e3o\">Interpreta\u00e7\u00e3o<\/a><\/h2><div class=\"w-iconbox-text\"><div class=\"page\" title=\"Page 1\">\n<div class=\"section\">\n<div class=\"layoutArea\">\n<div class=\"column\">simult\u00e2nea, bilateral, consecutiva<\/div>\n<div class=\"column\">\u00e0 dist\u00e2ncia ou no local<\/div>\n<\/div>\n<\/div>\n<\/div>\n<\/div><\/div><\/div><\/div><\/div><div class=\"wpb_column vc_column_container\"><div class=\"vc_column-inner\"><div class=\"w-iconbox iconpos_top style_default color_secondary align_center\"><a href=\"https:\/\/www.debraschilling.de\/pt-pt\/servicos\/\" class=\"w-iconbox-link\" aria-label=\"Tradu\u00e7\u00e3o\"><div class=\"w-iconbox-icon\" style=\"font-size:3.3rem;\"><i class=\"fal fa-laptop\"><\/i><\/div><\/a><div class=\"w-iconbox-meta\"><h2 class=\"w-iconbox-title\" style=\"font-size:1.5rem;\"><a href=\"https:\/\/www.debraschilling.de\/pt-pt\/servicos\/\" class=\"w-iconbox-link\" aria-label=\"Tradu\u00e7\u00e3o\">Tradu\u00e7\u00e3o<\/a><\/h2><div class=\"w-iconbox-text\"><div class=\"page\" title=\"Page 1\">\n<div class=\"section\">\n<div class=\"layoutArea\">\n<p>Tradu\u00e7\u00f5es em diversas \u00e1reas de especializa\u00e7\u00e3o (certificadas, se necess\u00e1rio)<\/p>\n<\/div>\n<\/div>\n<\/div>\n<\/div><\/div><\/div><\/div><\/div><div class=\"wpb_column vc_column_container\"><div class=\"vc_column-inner\"><div class=\"w-iconbox iconpos_top style_default color_primary align_center\"><a href=\"https:\/\/www.debraschilling.de\/pt-pt\/servicos\/\" class=\"w-iconbox-link\" aria-label=\"P\u00f3s-edi\u00e7\u00e3o e revis\u00e3o de texto\"><div class=\"w-iconbox-icon\" style=\"font-size:3.3rem;\"><i class=\"fal fa-pencil\"><\/i><\/div><\/a><div class=\"w-iconbox-meta\"><h2 class=\"w-iconbox-title\" style=\"font-size:1.5rem;\"><a href=\"https:\/\/www.debraschilling.de\/pt-pt\/servicos\/\" class=\"w-iconbox-link\" aria-label=\"P\u00f3s-edi\u00e7\u00e3o e revis\u00e3o de texto\">P\u00f3s-edi\u00e7\u00e3o e revis\u00e3o de texto<\/a><\/h2><div class=\"w-iconbox-text\"><div class=\"page\" title=\"Page 1\">\n<div class=\"section\">\n<div class=\"layoutArea\">\n<div class=\"column\">Revis\u00e3o e edi\u00e7\u00e3o dos seus textos e tradu\u00e7\u00f5es<\/div>\n<\/div>\n<\/div>\n<\/div>\n<p>P\u00f3s-edi\u00e7\u00e3o de tradu\u00e7\u00e3o autom\u00e1tica (MTPE)<\/p>\n<\/div><\/div><\/div><\/div><\/div><div class=\"wpb_column vc_column_container\"><div class=\"vc_column-inner\"><div class=\"w-iconbox iconpos_top style_default color_secondary align_center\"><a href=\"https:\/\/www.debraschilling.de\/pt-pt\/servicos\/\" class=\"w-iconbox-link\" aria-label=\"Localiza\u00e7\u00e3o\"><div class=\"w-iconbox-icon\" style=\"font-size:3.3rem;\"><i class=\"fal fa-globe\"><\/i><\/div><\/a><div class=\"w-iconbox-meta\"><h2 class=\"w-iconbox-title\" style=\"font-size:1.5rem;\"><a href=\"https:\/\/www.debraschilling.de\/pt-pt\/servicos\/\" class=\"w-iconbox-link\" aria-label=\"Localiza\u00e7\u00e3o\">Localiza\u00e7\u00e3o<\/a><\/h2><div class=\"w-iconbox-text\"><p>Adapta\u00e7\u00e3o dos seus textos \u00e0 l\u00edngua, \u00e0 cultura e \u00e0s prefer\u00eancias do seu grupo-alvo<\/p>\n<\/div><\/div><\/div><\/div><\/div><\/div><\/div><\/section><section class=\"l-section wpb_row height_small\" id=\"features\"><div class=\"l-section-h i-cf\"><div class=\"g-cols vc_row via_grid cols_2 laptops-cols_inherit tablets-cols_2 mobiles-cols_1 valign_top type_default stacking_default\"><div class=\"wpb_column vc_column_container\"><div class=\"vc_column-inner\"><div class=\"w-image has_ratio align_center\"><div class=\"w-image-h\"><div style=\"padding-bottom:100%\"><\/div><img decoding=\"async\" width=\"1200\" height=\"798\" src=\"https:\/\/www.debraschilling.de\/wp-content\/uploads\/2024\/01\/Startseite-Debra_0233_web.jpg\" class=\"attachment-full size-full\" alt=\"\" loading=\"lazy\" \/><\/div><\/div><\/div><\/div><div class=\"wpb_column vc_column_container\"><div class=\"vc_column-inner\"><div class=\"wpb_text_column\"><div class=\"wpb_wrapper\"><div class=\"page\" title=\"Page 1\">\n<div class=\"section\">\n<div class=\"layoutArea\">\n<div class=\"column\">\n<div class=\"page\" title=\"Page 1\">\n<h3 class=\"section\">Tradutora e Int\u00e9rprete<br \/>\nde voca\u00e7\u00e3o<\/h3>\n<p>&nbsp;<\/p>\n<\/div>\n<ul>\n<li>licenciada pela Universidade Humboldt de Berlim,<\/li>\n<li>educada em contexto bilingue: alem\u00e3o e portugu\u00eas,<\/li>\n<li>mais de 15 anos de experi\u00eancia profissional,<\/li>\n<li>\u00e1reas de especializa\u00e7\u00e3o: assuntos europeus, pol\u00edtica, direito, economia, ind\u00fastria farmac\u00eautica, tecnologia m\u00e9dica, lingu\u00edstica, estudos de mercado<\/li>\n<li>membro da Associa\u00e7\u00e3o Alem\u00e3 de Tradutores e Int\u00e9rpretes (BD\u00dc) e da Associa\u00e7\u00e3o de Profissionais de Tradu\u00e7\u00e3o e de Interpreta\u00e7\u00e3o (APTRAD)<\/li>\n<li>autorizada pelos Tribunais e Not\u00e1rios de Berlim<\/li>\n<li>examinadora\/correctora para exame nacional de profici\u00eancia em tradu\u00e7\u00e3o<\/li>\n<\/ul>\n<p>&nbsp;<\/p>\n<\/div>\n<\/div>\n<\/div>\n<\/div>\n<\/div><\/div><div class=\"w-separator size_small\"><\/div><div class=\"w-btn-wrapper align_left\"><a class=\"w-btn us-btn-style_1\" href=\"https:\/\/www.debraschilling.de\/pt-pt\/sobre-mim\/\"><span class=\"w-btn-label\">Mais sobre mim<\/span><\/a><\/div><\/div><\/div><\/div><\/div><\/section><section class=\"l-section wpb_row height_auto\" id=\"second\"><div class=\"l-section-h i-cf\"><div class=\"g-cols vc_row via_grid cols_1 laptops-cols_inherit tablets-cols_inherit mobiles-cols_1 valign_bottom type_default stacking_default\" style=\"--columns-gap:1.6rem;\"><div class=\"wpb_column vc_column_container\"><div class=\"vc_column-inner\"><div class=\"w-separator size_small with_line width_screen thick_1 style_solid color_border align_center\"><div class=\"w-separator-h\"><\/div><\/div><div class=\"g-cols wpb_row via_grid cols_4 laptops-cols_inherit tablets-cols_inherit mobiles-cols_1 valign_top type_default stacking_default\" style=\"--columns-gap:3rem;\"><div class=\"wpb_column vc_column_container\"><div class=\"vc_column-inner\"><div class=\"w-counter us_custom_dd1237b8 color_heading align_center animation_none has_font_size\" data-duration=\"2\" style=\"--w-counter-duration: 2s;\"><div class=\"w-counter-value\" aria-label=\"&gt;5467\"><span class=\"w-counter-value-part final\" aria-hidden=\"true\">&gt;5467<\/span><span class=\"w-counter-value-part hidden type_text\" aria-hidden=\"true\" data-final=\"&gt;\"><\/span><span class=\"w-counter-value-part hidden type_number\" aria-hidden=\"true\" data-final=\"5467\">0<\/span><span class=\"w-counter-value-part hidden type_text\" aria-hidden=\"true\" data-final>+<\/span><\/div><h3 class=\"w-counter-title\" style=\"font-size:16px;font-weight:400;\">gal\u00f5es<\/h3><\/div><\/div><\/div><div class=\"wpb_column vc_column_container\"><div class=\"vc_column-inner\"><div class=\"w-counter us_custom_dd1237b8 color_primary align_center animation_none has_font_size\" data-duration=\"2\" style=\"--w-counter-duration: 2s;\"><div class=\"w-counter-value\" aria-label=\"&gt; 2 milh\u00f5es\"><span class=\"w-counter-value-part final\" aria-hidden=\"true\">&gt; 2 milh\u00f5es<\/span><span class=\"w-counter-value-part hidden type_text\" aria-hidden=\"true\" data-final=\"&gt; \"><\/span><span class=\"w-counter-value-part hidden type_number\" aria-hidden=\"true\" data-final=\"2\">0<\/span><span class=\"w-counter-value-part hidden type_text\" aria-hidden=\"true\" data-final=\" milh\u00f5es\">%<\/span><\/div><h3 class=\"w-counter-title\" style=\"font-size:16px;font-weight:400;\">de palavras traduzidas<\/h3><\/div><\/div><\/div><div class=\"wpb_column vc_column_container\"><div class=\"vc_column-inner\"><div class=\"w-counter us_custom_dd1237b8 color_heading align_center animation_none has_font_size\" data-duration=\"2\" style=\"--w-counter-duration: 2s;\"><div class=\"w-counter-value\" aria-label=\"&gt;1500\"><span class=\"w-counter-value-part final\" aria-hidden=\"true\">&gt;1500<\/span><span class=\"w-counter-value-part hidden type_text\" aria-hidden=\"true\" data-final=\"&gt;\"><\/span><span class=\"w-counter-value-part hidden type_number\" aria-hidden=\"true\" data-final=\"1500\">0<\/span><span class=\"w-counter-value-part hidden type_text\" aria-hidden=\"true\" data-final><\/span><\/div><h3 class=\"w-counter-title\" style=\"font-size:16px;font-weight:400;\">projetos<\/h3><\/div><\/div><\/div><div class=\"wpb_column vc_column_container\"><div class=\"vc_column-inner\"><div class=\"w-counter us_custom_dd1237b8 color_primary align_center animation_none has_font_size\" data-duration=\"2\" style=\"--w-counter-duration: 2s;\"><div class=\"w-counter-value\" aria-label=\"100%\"><span class=\"w-counter-value-part final\" aria-hidden=\"true\">100%<\/span><span class=\"w-counter-value-part hidden type_text\" aria-hidden=\"true\" data-final><\/span><span class=\"w-counter-value-part hidden type_number\" aria-hidden=\"true\" data-final=\"100\">0<\/span><span class=\"w-counter-value-part hidden type_text\" aria-hidden=\"true\" data-final=\"%\">%<\/span><\/div><h3 class=\"w-counter-title\" style=\"font-size:16px;font-weight:400;\">de prazer no trabalho<\/h3><\/div><\/div><\/div><\/div><div class=\"w-separator size_small with_line width_screen thick_1 style_solid color_border align_center\"><div class=\"w-separator-h\"><\/div><\/div><\/div><\/div><\/div><\/div><\/section><section class=\"l-section wpb_row height_auto\" id=\"third\"><div class=\"l-section-h i-cf\"><div class=\"g-cols vc_row via_grid cols_1 laptops-cols_inherit tablets-cols_inherit mobiles-cols_1 valign_top type_default stacking_default\"><div class=\"wpb_column vc_column_container\"><div class=\"vc_column-inner\"><div class=\"wpb_text_column\"><div class=\"wpb_wrapper\"><h2 style=\"text-align: center;\">Aguardo com expectativa futuras oportunidades de colabora\u00e7\u00e3o!<\/h2>\n<\/div><\/div><div class=\"w-separator size_small\"><\/div><\/div><\/div><\/div><\/div><\/section>\n","protected":false},"excerpt":{"rendered":"Willkommen!Bem-vindo!Welcome!\ufffdBienvenido! Enquanto tradutora e int\u00e9rprete, as suas palavras escritas e faladas s\u00e3o muito importantes para mim. \u00c9 como se eu fosse a sua segunda voz, como se mergulhasse nas suas palavras e as transpusesse para outra l\u00edngua e cultura, sem lhes alterar o sentido. Por paix\u00e3o. De modo fi\u00e1vel e profissional. &nbsp; L\u00ednguas de trabalho:...","protected":false},"author":1,"featured_media":0,"parent":0,"menu_order":0,"comment_status":"closed","ping_status":"closed","template":"","meta":{"footnotes":""},"class_list":["post-9009","page","type-page","status-publish","hentry"],"_links":{"self":[{"href":"https:\/\/www.debraschilling.de\/pt-pt\/wp-json\/wp\/v2\/pages\/9009","targetHints":{"allow":["GET"]}}],"collection":[{"href":"https:\/\/www.debraschilling.de\/pt-pt\/wp-json\/wp\/v2\/pages"}],"about":[{"href":"https:\/\/www.debraschilling.de\/pt-pt\/wp-json\/wp\/v2\/types\/page"}],"author":[{"embeddable":true,"href":"https:\/\/www.debraschilling.de\/pt-pt\/wp-json\/wp\/v2\/users\/1"}],"replies":[{"embeddable":true,"href":"https:\/\/www.debraschilling.de\/pt-pt\/wp-json\/wp\/v2\/comments?post=9009"}],"version-history":[{"count":48,"href":"https:\/\/www.debraschilling.de\/pt-pt\/wp-json\/wp\/v2\/pages\/9009\/revisions"}],"predecessor-version":[{"id":9315,"href":"https:\/\/www.debraschilling.de\/pt-pt\/wp-json\/wp\/v2\/pages\/9009\/revisions\/9315"}],"wp:attachment":[{"href":"https:\/\/www.debraschilling.de\/pt-pt\/wp-json\/wp\/v2\/media?parent=9009"}],"curies":[{"name":"wp","href":"https:\/\/api.w.org\/{rel}","templated":true}]}}