{"id":9051,"date":"2024-02-13T15:59:49","date_gmt":"2024-02-13T14:59:49","guid":{"rendered":"https:\/\/www.debraschilling.de\/declaracao-de-privacidade\/"},"modified":"2024-02-16T13:39:52","modified_gmt":"2024-02-16T12:39:52","slug":"declaracao-de-privacidade","status":"publish","type":"page","link":"https:\/\/www.debraschilling.de\/pt-pt\/declaracao-de-privacidade\/","title":{"rendered":"Declara\u00e7\u00e3o de privacidade"},"content":{"rendered":"<section class=\"l-section wpb_row height_auto\"><div class=\"l-section-overlay\" style=\"background:var(--color-header-top-transparent-text)\"><\/div><div class=\"l-section-h i-cf\"><div class=\"g-cols vc_row via_grid cols_1 laptops-cols_inherit tablets-cols_inherit mobiles-cols_1 valign_top type_default stacking_default\" style=\"--columns-gap:1.1rem;\"><div class=\"wpb_column vc_column_container\"><div class=\"vc_column-inner\"><div class=\"w-separator size_large\"><\/div><div class=\"wpb_text_column\"><div class=\"wpb_wrapper\"><h1 style=\"text-align: center;\">Declara\u00e7\u00e3o de privacidade<\/h1>\n<\/div><\/div><\/div><\/div><\/div><\/div><\/section><section class=\"l-section wpb_row height_custom\" id=\"intro\"><div class=\"l-section-h i-cf\"><div class=\"g-cols vc_row via_grid cols_1 laptops-cols_inherit tablets-cols_inherit mobiles-cols_1 valign_top type_default stacking_default\"><div class=\"wpb_column vc_column_container\"><div class=\"vc_column-inner\"><div class=\"wpb_text_column\"><div class=\"wpb_wrapper\"><p style=\"font-weight: 400;\">Na qualidade de operadora desta p\u00e1gina Web, levo muito a s\u00e9rio a prote\u00e7\u00e3o dos seus dados pessoais e respeito as diretrizes das leis relativas \u00e0 prote\u00e7\u00e3o de dados. De seguida, inform\u00e1-lo-ei com detalhe sobre os dados que s\u00e3o recolhidos durante a sua visita \u00e0 minha p\u00e1gina e como estes dados s\u00e3o processados ou utilizados por mim ou por outras empresas.<\/p>\n<p style=\"font-weight: 400;\"><strong>Prote\u00e7\u00e3o de dados<\/strong><\/p>\n<p style=\"font-weight: 400;\">A utiliza\u00e7\u00e3o da minha p\u00e1gina Web n\u00e3o pressup\u00f5e a divulga\u00e7\u00e3o de dados pessoais. No entanto, chamo a aten\u00e7\u00e3o para o facto de que a transmiss\u00e3o de dados na Internet (p.ex. durante a comunica\u00e7\u00e3o por e-mail) poder apresentar falhas de seguran\u00e7a. N\u00e3o \u00e9 poss\u00edvel assegurar a completa prote\u00e7\u00e3o dos dados contra o acesso por terceiros.<\/p>\n<p style=\"font-weight: 400;\"><strong>Declara\u00e7\u00e3o de privacidade relativa \u00e0 utiliza\u00e7\u00e3o da Google Analytics<\/strong><\/p>\n<p style=\"font-weight: 400;\">Esta p\u00e1gina Web utiliza fun\u00e7\u00f5es do servi\u00e7o de an\u00e1lise Web Google Analytics. O fornecedor \u00e9 a Google Inc. 1600 Amphitheatre Parkway Mountain View, CA 94043, USA. O Google Analytics utiliza os chamados &#8220;cookies&#8221;. Trata-se de ficheiros de texto que s\u00e3o armazenados no seu computador e que permitem efetuar uma an\u00e1lise da sua utiliza\u00e7\u00e3o da p\u00e1gina Web. Em regra, as informa\u00e7\u00f5es geradas pelo cookie relativamente \u00e0 sua utiliza\u00e7\u00e3o deste site s\u00e3o enviadas a um servidor da Google nos Estados Unidos, sendo a\u00ed armazenadas.<\/p>\n<p style=\"font-weight: 400;\">Em caso de ativa\u00e7\u00e3o da anonimiza\u00e7\u00e3o de IP nesta p\u00e1gina web, o seu endere\u00e7o de IP ser\u00e1 simplificado pela Google em pa\u00edses dentro da Uni\u00e3o Europeia ou em outros pa\u00edses signat\u00e1rios do Acordo sobre o Espa\u00e7o Econ\u00f3mico Europeu. O seu endere\u00e7o de IP completo ser\u00e1 enviado para o servidor da Google nos EUA e a\u00ed simplificado apenas em casos excecionais. A Google utilizar\u00e1 estas informa\u00e7\u00f5es para avaliar a sua utiliza\u00e7\u00e3o da p\u00e1gina, para elaborar relat\u00f3rios sobre as atividades da p\u00e1gina e para fornecer ao operador da p\u00e1gina mais servi\u00e7os relacionados com a utiliza\u00e7\u00e3o da p\u00e1gina web e da Internet. O endere\u00e7o de IP divulgado pelo seu browser no \u00e2mbito do Google Analytics n\u00e3o ser\u00e1 associado a quaisquer outros dados da Google.<\/p>\n<p style=\"font-weight: 400;\">Pode evitar o armazenamento de cookies, configurando devidamente o software do seu browser; chamo, no entanto, a sua aten\u00e7\u00e3o para o facto de que, neste caso, poder\u00e1 n\u00e3o conseguir usar plenamente todas as fun\u00e7\u00f5es desta p\u00e1gina. Al\u00e9m disso, pode impedir a recolha dos dados gerados pelo cookie e relacionados com a utiliza\u00e7\u00e3o da p\u00e1gina web (incl. o seu endere\u00e7o de IP) pela Google, bem como o processamento destes dados pela Google, por meio do download e da instala\u00e7\u00e3o do plug-in do browser dispon\u00edvel no seguinte link: <a href=\"http:\/\/tools.google.com\/dlpage\/gaoptout?hl=de\">http:\/\/tools.google.com\/dlpage\/gaoptout?hl=de<\/a><\/p>\n<p style=\"font-weight: 400;\"><strong>Inclus\u00e3o de servi\u00e7os e conte\u00fados de terceiros<\/strong><\/p>\n<p style=\"font-weight: 400;\">A minha p\u00e1gina Web poder\u00e1 conter conte\u00fados de terceiros, como por exemplo v\u00eddeos do YouTube, mapas da Google, feeds RSS ou gr\u00e1ficos de outras p\u00e1ginas. Isto pressup\u00f5e sempre que os fornecedores destes conte\u00fados (&#8220;terceiros&#8221;) detetam o seu endere\u00e7o de IP. Sem o endere\u00e7o de IP, os conte\u00fados n\u00e3o podem ser enviados ao seu browser. O endere\u00e7o de IP \u00e9, assim, necess\u00e1rio para a apresenta\u00e7\u00e3o destes conte\u00fados. Tentarei utilizar apenas conte\u00fados de fornecedores que utilizem os endere\u00e7os de IP exclusivamente para a transmiss\u00e3o dos conte\u00fados. Contudo, n\u00e3o tenho qualquer influ\u00eancia sobre se o seu endere\u00e7o de IP \u00e9 armazenado por terceiros, p.ex. para fins estat\u00edsticos. Esclare\u00e7o-o de acordo com as informa\u00e7\u00f5es de que disponho.<\/p>\n<\/div><\/div><\/div><\/div><\/div><\/div><\/section>\n","protected":false},"excerpt":{"rendered":"Declara\u00e7\u00e3o de privacidade Na qualidade de operadora desta p\u00e1gina Web, levo muito a s\u00e9rio a prote\u00e7\u00e3o dos seus dados pessoais e respeito as diretrizes das leis relativas \u00e0 prote\u00e7\u00e3o de dados. De seguida, inform\u00e1-lo-ei com detalhe sobre os dados que s\u00e3o recolhidos durante a sua visita \u00e0 minha p\u00e1gina e como estes dados s\u00e3o processados...","protected":false},"author":1,"featured_media":0,"parent":0,"menu_order":0,"comment_status":"closed","ping_status":"closed","template":"","meta":{"footnotes":""},"class_list":["post-9051","page","type-page","status-publish","hentry"],"_links":{"self":[{"href":"https:\/\/www.debraschilling.de\/pt-pt\/wp-json\/wp\/v2\/pages\/9051","targetHints":{"allow":["GET"]}}],"collection":[{"href":"https:\/\/www.debraschilling.de\/pt-pt\/wp-json\/wp\/v2\/pages"}],"about":[{"href":"https:\/\/www.debraschilling.de\/pt-pt\/wp-json\/wp\/v2\/types\/page"}],"author":[{"embeddable":true,"href":"https:\/\/www.debraschilling.de\/pt-pt\/wp-json\/wp\/v2\/users\/1"}],"replies":[{"embeddable":true,"href":"https:\/\/www.debraschilling.de\/pt-pt\/wp-json\/wp\/v2\/comments?post=9051"}],"version-history":[{"count":2,"href":"https:\/\/www.debraschilling.de\/pt-pt\/wp-json\/wp\/v2\/pages\/9051\/revisions"}],"predecessor-version":[{"id":9054,"href":"https:\/\/www.debraschilling.de\/pt-pt\/wp-json\/wp\/v2\/pages\/9051\/revisions\/9054"}],"wp:attachment":[{"href":"https:\/\/www.debraschilling.de\/pt-pt\/wp-json\/wp\/v2\/media?parent=9051"}],"curies":[{"name":"wp","href":"https:\/\/api.w.org\/{rel}","templated":true}]}}